{"id":315,"date":"2022-07-25T09:41:15","date_gmt":"2022-07-25T09:41:15","guid":{"rendered":"https:\/\/atlantik.com.al\/?page_id=315"},"modified":"2022-09-09T08:04:37","modified_gmt":"2022-09-09T08:04:37","slug":"informacion-mbi-taksat","status":"publish","type":"page","link":"https:\/\/www.atlantik.al\/en\/informacion-mbi-taksat\/","title":{"rendered":"Information on taxes"},"content":{"rendered":"<div data-elementor-type=\"wp-page\" data-elementor-id=\"315\" class=\"elementor elementor-315\" data-elementor-post-type=\"page\">\n\t\t\t\t\t\t<section class=\"elementor-section elementor-top-section elementor-element elementor-element-c4710c1 elementor-section-boxed elementor-section-height-default elementor-section-height-default\" data-id=\"c4710c1\" data-element_type=\"section\" data-settings=\"{&quot;background_background&quot;:&quot;classic&quot;}\">\n\t\t\t\t\t\t<div class=\"elementor-container elementor-column-gap-default\">\n\t\t\t\t\t<div class=\"elementor-column elementor-col-100 elementor-top-column elementor-element elementor-element-bccc887\" data-id=\"bccc887\" data-element_type=\"column\">\n\t\t\t<div class=\"elementor-widget-wrap elementor-element-populated\">\n\t\t\t\t\t\t<div class=\"elementor-element elementor-element-00426a0 elementor-widget elementor-widget-text-editor\" data-id=\"00426a0\" data-element_type=\"widget\" data-widget_type=\"text-editor.default\">\n\t\t\t\t<div class=\"elementor-widget-container\">\n\t\t\t\t\t\t\t\t\t<p>Home &gt;&gt; Information on Taxes<\/p>\t\t\t\t\t\t\t\t<\/div>\n\t\t\t\t<\/div>\n\t\t\t\t\t<\/div>\n\t\t<\/div>\n\t\t\t\t\t<\/div>\n\t\t<\/section>\n\t\t\t\t<section class=\"elementor-section elementor-top-section elementor-element elementor-element-39e1f1c elementor-section-boxed elementor-section-height-default elementor-section-height-default\" data-id=\"39e1f1c\" data-element_type=\"section\">\n\t\t\t\t\t\t<div class=\"elementor-container elementor-column-gap-default\">\n\t\t\t\t\t<div class=\"elementor-column elementor-col-100 elementor-top-column elementor-element elementor-element-dc62ae7\" data-id=\"dc62ae7\" data-element_type=\"column\">\n\t\t\t<div class=\"elementor-widget-wrap elementor-element-populated\">\n\t\t\t\t\t\t<div class=\"elementor-element elementor-element-324573a elementor-widget elementor-widget-text-editor\" data-id=\"324573a\" data-element_type=\"widget\" data-widget_type=\"text-editor.default\">\n\t\t\t\t<div class=\"elementor-widget-container\">\n\t\t\t\t\t\t\t\t\t<p><strong>INFORMATION ON TAXES APPLICABLE IN THE FIELD OF INSURANCE<\/strong><\/p><p><strong>Based on Article 66\/3\/d of Law no. 52\/2014 \"On reinsurance activity\", <\/strong><strong>for fulfilling the obligation to inform interested persons, <\/strong><strong>below you will find information on applicable taxes and duties in the field of insurance:<\/strong><\/p><p>For each insurance contract, the applicable insurance premiums, taxes and duties are as follows:<\/p><ol><li><strong>Law no. 92\/2014 \"On value added tax in the Republic of Albania\"<\/strong><\/li><\/ol><p>Article 53 - \"Exceptions for some other activities\"<\/p><p>The following transactions are supplies exempt from VAT:<\/p><ol><li>a) insurance and reinsurance services, including the performance of mediation services in insurance and reinsurance by insurance agents and brokers.<\/li><\/ol><ol start=\"2\"><li><strong>Law no. 9975, dated 28.7.2008, \"On national taxes\" as amended<\/strong><\/li><\/ol><p>Article 4 - National tax level\u00a0<em>(item 10)<\/em><\/p><p><strong>10<\/strong>. Tax on written premiums, with the exception of insurance premiums for life, travel health and green card products,\u00a0<strong>is 10 percent of the premium amount<\/strong>.\u00a0<em>(Amended by Law No. 127\/2016, dated 15.12.2016. Published in the Official Journal No. 250, dated 27.12.2016)<\/em>.<\/p><p><strong>For the payments of damages derived from insurance contracts, mandatory or voluntary, we clarify that no duties\/taxes are applied because they are not considered as income.<\/strong><\/p>\t\t\t\t\t\t\t\t<\/div>\n\t\t\t\t<\/div>\n\t\t\t\t\t<\/div>\n\t\t<\/div>\n\t\t\t\t\t<\/div>\n\t\t<\/section>\n\t\t\t\t<section class=\"elementor-section elementor-top-section elementor-element elementor-element-11c7595 elementor-section-boxed elementor-section-height-default elementor-section-height-default\" data-id=\"11c7595\" data-element_type=\"section\">\n\t\t\t\t\t\t<div class=\"elementor-container elementor-column-gap-default\">\n\t\t\t\t\t<div class=\"elementor-column elementor-col-100 elementor-top-column elementor-element elementor-element-12c3b74\" data-id=\"12c3b74\" data-element_type=\"column\">\n\t\t\t<div class=\"elementor-widget-wrap elementor-element-populated\">\n\t\t\t\t\t\t<section class=\"elementor-section elementor-inner-section elementor-element elementor-element-031d480 elementor-section-boxed elementor-section-height-default elementor-section-height-default\" data-id=\"031d480\" data-element_type=\"section\" data-settings=\"{&quot;background_background&quot;:&quot;classic&quot;}\">\n\t\t\t\t\t\t\t<div class=\"elementor-background-overlay\"><\/div>\n\t\t\t\t\t\t\t<div class=\"elementor-container elementor-column-gap-default\">\n\t\t\t\t\t<div class=\"elementor-column elementor-col-50 elementor-inner-column elementor-element elementor-element-f78733c\" data-id=\"f78733c\" data-element_type=\"column\">\n\t\t\t<div class=\"elementor-widget-wrap elementor-element-populated\">\n\t\t\t\t\t\t<div class=\"elementor-element elementor-element-61352b2 elementor-widget elementor-widget-heading\" data-id=\"61352b2\" data-element_type=\"widget\" data-widget_type=\"heading.default\">\n\t\t\t\t<div class=\"elementor-widget-container\">\n\t\t\t\t\t<p class=\"elementor-heading-title elementor-size-default\"><strong>Ask us anything<\/strong> Call us and get your answers right away!<\/p>\t\t\t\t<\/div>\n\t\t\t\t<\/div>\n\t\t\t\t\t<\/div>\n\t\t<\/div>\n\t\t\t\t<div class=\"elementor-column elementor-col-50 elementor-inner-column elementor-element elementor-element-5da2b19\" data-id=\"5da2b19\" data-element_type=\"column\">\n\t\t\t<div class=\"elementor-widget-wrap elementor-element-populated\">\n\t\t\t\t\t\t<div class=\"elementor-element elementor-element-3c7d220 elementor-icon-list--layout-traditional elementor-list-item-link-full_width elementor-widget elementor-widget-icon-list\" data-id=\"3c7d220\" data-element_type=\"widget\" data-widget_type=\"icon-list.default\">\n\t\t\t\t<div class=\"elementor-widget-container\">\n\t\t\t\t\t\t\t<ul class=\"elementor-icon-list-items\">\n\t\t\t\t\t\t\t<li class=\"elementor-icon-list-item\">\n\t\t\t\t\t\t\t\t\t\t\t<a href=\"tel:0035542230506\">\n\n\t\t\t\t\t\t\t\t\t\t\t\t<span class=\"elementor-icon-list-icon\">\n\t\t\t\t\t\t\t<i aria-hidden=\"true\" class=\"fas fa-phone-alt\"><\/i>\t\t\t\t\t\t<\/span>\n\t\t\t\t\t\t\t\t\t\t<span class=\"elementor-icon-list-text\">+355 4 2230 506<\/span>\n\t\t\t\t\t\t\t\t\t\t\t<\/a>\n\t\t\t\t\t\t\t\t\t<\/li>\n\t\t\t\t\t\t<\/ul>\n\t\t\t\t\t\t<\/div>\n\t\t\t\t<\/div>\n\t\t\t\t\t<\/div>\n\t\t<\/div>\n\t\t\t\t\t<\/div>\n\t\t<\/section>\n\t\t\t\t\t<\/div>\n\t\t<\/div>\n\t\t\t\t\t<\/div>\n\t\t<\/section>\n\t\t\t\t<\/div>","protected":false},"excerpt":{"rendered":"<p>Kreu &gt;&gt; Informacion mbi Taksat INFORMACION P\u00cbR TAKSAT DHE TATIMET E ZBATUESHME N\u00cb FUSH\u00cbN E SIGURIMEVE N\u00eb baz\u00eb t\u00eb nenit 66\/3\/d t\u00eb ligjit nr. 52\/2014 \u201cP\u00ebr veprimtarin\u00eb e risigurimit\u201d, p\u00ebr p\u00ebrmbushjen e detyrimit p\u00ebr informimin e personave t\u00eb interesuar, m\u00eb posht\u00eb do t\u00eb gjeni informacion p\u00ebr taksat dhe tatimet e zbatueshme n\u00eb fush\u00ebn e sigurimeve: [&hellip;]<\/p>\n","protected":false},"author":1,"featured_media":0,"parent":0,"menu_order":0,"comment_status":"closed","ping_status":"closed","template":"elementor_header_footer","meta":{"footnotes":""},"class_list":["post-315","page","type-page","status-publish","hentry"],"_links":{"self":[{"href":"https:\/\/www.atlantik.al\/en\/wp-json\/wp\/v2\/pages\/315","targetHints":{"allow":["GET"]}}],"collection":[{"href":"https:\/\/www.atlantik.al\/en\/wp-json\/wp\/v2\/pages"}],"about":[{"href":"https:\/\/www.atlantik.al\/en\/wp-json\/wp\/v2\/types\/page"}],"author":[{"embeddable":true,"href":"https:\/\/www.atlantik.al\/en\/wp-json\/wp\/v2\/users\/1"}],"replies":[{"embeddable":true,"href":"https:\/\/www.atlantik.al\/en\/wp-json\/wp\/v2\/comments?post=315"}],"version-history":[{"count":10,"href":"https:\/\/www.atlantik.al\/en\/wp-json\/wp\/v2\/pages\/315\/revisions"}],"predecessor-version":[{"id":1898,"href":"https:\/\/www.atlantik.al\/en\/wp-json\/wp\/v2\/pages\/315\/revisions\/1898"}],"wp:attachment":[{"href":"https:\/\/www.atlantik.al\/en\/wp-json\/wp\/v2\/media?parent=315"}],"curies":[{"name":"wp","href":"https:\/\/api.w.org\/{rel}","templated":true}]}}